{"id":16,"date":"2015-10-23T09:23:47","date_gmt":"2015-10-23T07:23:47","guid":{"rendered":"http:\/\/hufe-im-gleichgewicht.de\/site\/?page_id=16"},"modified":"2019-01-03T18:55:46","modified_gmt":"2019-01-03T17:55:46","slug":"ueber-mich","status":"publish","type":"page","link":"https:\/\/hufe-im-gleichgewicht.de\/?page_id=16","title":{"rendered":"\u00dcber mich"},"content":{"rendered":"<p>Hallo, mein Name ist Simone,<\/p>\n<p>ich bin Jahrgang 1981 und besch\u00e4ftige mich schon seit meiner Kindheit mit Pferden.<br \/>\nAls ich vor mittlerweile 26 Jahren mein eigenes Pferd bekam, war es \u00fcblich, die Hufe mit Eisen zu beschlagen, egal auf welche Art und Weise das Pferd genutzt wurde. Alle haben das so gemacht, also dachten auch wir nicht weiter dr\u00fcber nach ob es \u00fcberhaupt andere Wege geben k\u00f6nnte.<br \/>\nDurch den Beschlag kam es \u00fcber die Jahre zu Deformationen der Hufkapsel; Arthrose und Knochenwucherungen waren die Folge. Das geschah nicht von heute auf morgen, sondern ging lange Jahre unbemerkt im Inneren der Hufe vonstatten, bis die ersten Anzeichen \u00e4u\u00dferlich sichtbar wurden, erst mit gelegentlichem Ticken im Trab bis dann auch eine tiefe Schale hinzukam und das Abrollen selbst im Schritt nicht mehr m\u00f6glich war.<br \/>\nViele vertreten die Meinung, dass ein Fluchttier &#8222;auf drei Beinen&#8220; keine Option ist und das Pferd erl\u00f6st geh\u00f6rt. Das war und ist nicht meine Einstellung, vor allem wenn das Pferd sonst fit und gesund ist und sich nicht h\u00e4ngen l\u00e4sst. Mir war bewu\u00dft dass es ein langer Weg wird der nicht immer einfach ist mit anzusehen und durchzugehen, aber es hat sich gelohnt und mittlerweile haben wir zwei r\u00fcstige barhufige Rentner.<br \/>\nAuf dem Weg dahin habe ich einige verschiedene Methoden der Barhufbearbeitung erleben d\u00fcrfen. Einige haben geholfen, manche haben wenigstens die Situation nicht verschlechtert, und leider gibt es auch die, die alles in eine Katastrophe gef\u00fchrt haben. Das war dann der Punkt wo ich f\u00fcr mich den Entschluss gefasst habe, das Schicksal der Hufe meiner Pferde in die eigenen H\u00e4nde zu nehmen. Ich wusste damals immerhin schon einmal, wie die Hufe nicht aussehen sollten und was nicht funktioniert. Also begann ich mich erstmal in die Hufanatomie reinzuknieen. Bei all den Recherchen stie\u00df ich dabei auf das Institut f\u00fcr Hufbalance von Manu Volk. Die dort beschriebene Betrachtung des Hufes und die Art, Hufe zu bearbeiten um die Hufgesundheit und Leistungsf\u00e4higkeit zu erlangen und zu bewahren, haben meine bis dato gesammelten Erfahren best\u00e4tigt und rund gemacht.<br \/>\nIm Juli 2015 habe ich die Ausbildung am Institut f\u00fcr Hufbalance abgeschlossen und bin nun zertifizierte Hufpflegerin.<\/p>\n<p>Und immer noch lerne ich von den verschiedenen Pferden und Kunden immer weiter dazu. Mein Weg ist nicht in Stein gemei\u00dfelt.<\/p>\n","protected":false},"excerpt":{"rendered":"<p>Hallo, mein Name ist Simone, ich bin Jahrgang 1981 und besch\u00e4ftige mich schon seit meiner Kindheit mit Pferden. Als ich vor mittlerweile 26 Jahren mein eigenes Pferd bekam, war es <a href=\"https:\/\/hufe-im-gleichgewicht.de\/?page_id=16\" class=\"more-link\">[&hellip;]<\/a><\/p>\n","protected":false},"author":1,"featured_media":0,"parent":0,"menu_order":0,"comment_status":"closed","ping_status":"closed","template":"","meta":{"Layout":"","footnotes":""},"class_list":["entry","author-simone","post-16","page","type-page","status-publish"],"_links":{"self":[{"href":"https:\/\/hufe-im-gleichgewicht.de\/index.php?rest_route=\/wp\/v2\/pages\/16","targetHints":{"allow":["GET"]}}],"collection":[{"href":"https:\/\/hufe-im-gleichgewicht.de\/index.php?rest_route=\/wp\/v2\/pages"}],"about":[{"href":"https:\/\/hufe-im-gleichgewicht.de\/index.php?rest_route=\/wp\/v2\/types\/page"}],"author":[{"embeddable":true,"href":"https:\/\/hufe-im-gleichgewicht.de\/index.php?rest_route=\/wp\/v2\/users\/1"}],"replies":[{"embeddable":true,"href":"https:\/\/hufe-im-gleichgewicht.de\/index.php?rest_route=%2Fwp%2Fv2%2Fcomments&post=16"}],"version-history":[{"count":9,"href":"https:\/\/hufe-im-gleichgewicht.de\/index.php?rest_route=\/wp\/v2\/pages\/16\/revisions"}],"predecessor-version":[{"id":105,"href":"https:\/\/hufe-im-gleichgewicht.de\/index.php?rest_route=\/wp\/v2\/pages\/16\/revisions\/105"}],"wp:attachment":[{"href":"https:\/\/hufe-im-gleichgewicht.de\/index.php?rest_route=%2Fwp%2Fv2%2Fmedia&parent=16"}],"curies":[{"name":"wp","href":"https:\/\/api.w.org\/{rel}","templated":true}]}}