{"id":34,"date":"2015-10-23T13:57:47","date_gmt":"2015-10-23T11:57:47","guid":{"rendered":"http:\/\/hufe-im-gleichgewicht.de\/site\/?page_id=34"},"modified":"2019-01-03T19:03:38","modified_gmt":"2019-01-03T18:03:38","slug":"leistungen","status":"publish","type":"page","link":"https:\/\/hufe-im-gleichgewicht.de\/?page_id=34","title":{"rendered":"Leistungen"},"content":{"rendered":"<p>Folgende Leistungen biete ich an:<\/p>\n<ul>\n<li>Barhufpflege in regelm\u00e4\u00dfigen Abst\u00e4nden (2 &#8211; 6 Wochen)<\/li>\n<li>Umstellung auf Barhuf mit Betreuung in der Umstellungsphase<\/li>\n<li>Betreuung und Pflege von Problemhufen<\/li>\n<li>Beratung zu naturnaher F\u00fctterung und Haltung<\/li>\n<\/ul>\n<p>Jedes Tier\u00a0wird individuell betrachtet und\u00a0erh\u00e4lt die Aufmerksamkeit und Pflege, die es braucht. Ich begleite Sie auf dem Weg zu einem gesunden Huf.<br \/>\nWenn Sie Fragen haben oder sich nicht sicher sind, z\u00f6gern Sie nicht mich zu kontaktieren.<\/p>\n","protected":false},"excerpt":{"rendered":"<p>Folgende Leistungen biete ich an: Barhufpflege in regelm\u00e4\u00dfigen Abst\u00e4nden (2 &#8211; 6 Wochen) Umstellung auf Barhuf mit Betreuung in der Umstellungsphase Betreuung und Pflege von Problemhufen Beratung zu naturnaher F\u00fctterung <a href=\"https:\/\/hufe-im-gleichgewicht.de\/?page_id=34\" class=\"more-link\">[&hellip;]<\/a><\/p>\n","protected":false},"author":1,"featured_media":0,"parent":0,"menu_order":0,"comment_status":"closed","ping_status":"closed","template":"","meta":{"Layout":"","footnotes":""},"class_list":["entry","author-simone","post-34","page","type-page","status-publish"],"_links":{"self":[{"href":"https:\/\/hufe-im-gleichgewicht.de\/index.php?rest_route=\/wp\/v2\/pages\/34","targetHints":{"allow":["GET"]}}],"collection":[{"href":"https:\/\/hufe-im-gleichgewicht.de\/index.php?rest_route=\/wp\/v2\/pages"}],"about":[{"href":"https:\/\/hufe-im-gleichgewicht.de\/index.php?rest_route=\/wp\/v2\/types\/page"}],"author":[{"embeddable":true,"href":"https:\/\/hufe-im-gleichgewicht.de\/index.php?rest_route=\/wp\/v2\/users\/1"}],"replies":[{"embeddable":true,"href":"https:\/\/hufe-im-gleichgewicht.de\/index.php?rest_route=%2Fwp%2Fv2%2Fcomments&post=34"}],"version-history":[{"count":6,"href":"https:\/\/hufe-im-gleichgewicht.de\/index.php?rest_route=\/wp\/v2\/pages\/34\/revisions"}],"predecessor-version":[{"id":109,"href":"https:\/\/hufe-im-gleichgewicht.de\/index.php?rest_route=\/wp\/v2\/pages\/34\/revisions\/109"}],"wp:attachment":[{"href":"https:\/\/hufe-im-gleichgewicht.de\/index.php?rest_route=%2Fwp%2Fv2%2Fmedia&parent=34"}],"curies":[{"name":"wp","href":"https:\/\/api.w.org\/{rel}","templated":true}]}}