{"id":41,"date":"2015-10-23T14:33:49","date_gmt":"2015-10-23T12:33:49","guid":{"rendered":"http:\/\/hufe-im-gleichgewicht.de\/site\/?page_id=41"},"modified":"2019-01-03T19:01:15","modified_gmt":"2019-01-03T18:01:15","slug":"preise","status":"publish","type":"page","link":"https:\/\/hufe-im-gleichgewicht.de\/?page_id=41","title":{"rendered":"Preise"},"content":{"rendered":"<p>Folgende Preise berechne ich:<\/p>\n<ul>\n<li>Shetty, Zwergesel: 20,00 \u20ac\n<li>Pony, Esel: 35,00 \u20ac<\/li>\n<li>Pferd: \u00a0 \u00a0 \u00a0 \u00a0 \u00a040,00 \u20ac<\/li>\n<li>Kaltblut: \u00a0 \u00a0 45,00 \u20ac<\/li>\n<\/ul>\n<p>Bis 30 km Anfahrt kostenlos, dar\u00fcber hinaus <strong>je km 0,30 \u20ac<\/strong>.<\/p>\n<p>Bei Pferden, die auf Grund gesundheitlicher Probleme (Arthrose, Hufrehe, etc.) nur schlecht stehen k\u00f6nnen bitte ich um vorherige Mitteilung vorhandener Schwierigkeiten, damit ich gen\u00fcgend Zeit f\u00fcr Ihr Pferd einplanen kann!<\/p>\n","protected":false},"excerpt":{"rendered":"<p>Folgende Preise berechne ich: Shetty, Zwergesel: 20,00 \u20ac Pony, Esel: 35,00 \u20ac Pferd: \u00a0 \u00a0 \u00a0 \u00a0 \u00a040,00 \u20ac Kaltblut: \u00a0 \u00a0 45,00 \u20ac Bis 30 km Anfahrt kostenlos, dar\u00fcber <a href=\"https:\/\/hufe-im-gleichgewicht.de\/?page_id=41\" class=\"more-link\">[&hellip;]<\/a><\/p>\n","protected":false},"author":1,"featured_media":0,"parent":0,"menu_order":0,"comment_status":"closed","ping_status":"closed","template":"","meta":{"Layout":"","footnotes":""},"class_list":["entry","author-simone","post-41","page","type-page","status-publish"],"_links":{"self":[{"href":"https:\/\/hufe-im-gleichgewicht.de\/index.php?rest_route=\/wp\/v2\/pages\/41","targetHints":{"allow":["GET"]}}],"collection":[{"href":"https:\/\/hufe-im-gleichgewicht.de\/index.php?rest_route=\/wp\/v2\/pages"}],"about":[{"href":"https:\/\/hufe-im-gleichgewicht.de\/index.php?rest_route=\/wp\/v2\/types\/page"}],"author":[{"embeddable":true,"href":"https:\/\/hufe-im-gleichgewicht.de\/index.php?rest_route=\/wp\/v2\/users\/1"}],"replies":[{"embeddable":true,"href":"https:\/\/hufe-im-gleichgewicht.de\/index.php?rest_route=%2Fwp%2Fv2%2Fcomments&post=41"}],"version-history":[{"count":14,"href":"https:\/\/hufe-im-gleichgewicht.de\/index.php?rest_route=\/wp\/v2\/pages\/41\/revisions"}],"predecessor-version":[{"id":108,"href":"https:\/\/hufe-im-gleichgewicht.de\/index.php?rest_route=\/wp\/v2\/pages\/41\/revisions\/108"}],"wp:attachment":[{"href":"https:\/\/hufe-im-gleichgewicht.de\/index.php?rest_route=%2Fwp%2Fv2%2Fmedia&parent=41"}],"curies":[{"name":"wp","href":"https:\/\/api.w.org\/{rel}","templated":true}]}}